{"id":3,"date":"2023-10-27T08:48:56","date_gmt":"2023-10-27T08:48:56","guid":{"rendered":"https:\/\/fructisolaire.fr\/?page_id=3"},"modified":"2023-10-27T12:20:01","modified_gmt":"2023-10-27T10:20:01","slug":"privacy-policy","status":"publish","type":"page","link":"https:\/\/www.fructisolaire.fr\/?page_id=3","title":{"rendered":"Mentions L\u00e9gales"},"content":{"rendered":"\n<h2 class=\"wp-block-heading\">R\u00e9alisation<\/h2>\n\n\n\n<p>Site r\u00e9alis\u00e9, s\u00e9curis\u00e9, maintenu et h\u00e9berg\u00e9 par&nbsp;<a rel=\"noreferrer noopener\" href=\"https:\/\/www.lrob.fr\/\" target=\"_blank\">Robin Labadie<\/a><\/p>\n\n\n\n<h1 class=\"wp-block-heading\">Pr\u00e9sentation<\/h1>\n\n\n\n<p>Le site internet https:\/\/www.fructisolaire.fr\u00a0est r\u00e9dig\u00e9, mis en page et administr\u00e9 par Robin Labadie via la soci\u00e9t\u00e9 Hetzner pour le compte de FructiSolaire.<br>Robin Labadie exerce en ind\u00e9pendant via une entreprise individuelle d\u00e9clar\u00e9e \u00e0 l\u2019INSEE, au SIREN 528 479 736.<br>Adresse : 1, rue Pierre Chevaldonn\u00e9, 45000 Orl\u00e9ans; tel: 06-27-37-44-92<\/p>\n\n\n\n<h1 class=\"wp-block-heading\">Contact<\/h1>\n\n\n\n<p>Pour toute demande relative \u00e0 la gestion du site, de son contenu ou de vos donn\u00e9es personnelles, merci d\u2019utiliser en priorit\u00e9 le\u00a0<a href=\"https:\/\/www.fructisolaire.fr\/contact\/\">formulaire de contact<\/a>. Temps de r\u00e9ponse estim\u00e9 : 24 \u00e0 48h.<\/p>\n\n\n\n<p>Alternativement, vous pouvez utiliser le num\u00e9ro de t\u00e9l\u00e9phone suivant sur horaire ouvr\u00e9 : 06-27-37-44-92 (Robin Labadie, webmaster)<\/p>\n\n\n\n<p>Bien que cela soit hautement improbable, si votre demande n\u2019avait pas de r\u00e9ponse sous 72 h ouvr\u00e9es, vous pourriez contacter l\u2019h\u00e9bergeur mentionn\u00e9 ci-apr\u00e8s.<\/p>\n\n\n\n<h1 class=\"wp-block-heading\">H\u00e9bergement<\/h1>\n\n\n\n<h3 class=\"wp-block-heading\">Registrar<\/h3>\n\n\n\n<p>Le domaine fructisolaire.fr est enregistr\u00e9 via la soci\u00e9t\u00e9\u00a0<a rel=\"noreferrer noopener\" href=\"https:\/\/www.haisoft.fr\/\" target=\"_blank\">OVH<\/a>\u00a0par Robin Labadie.<\/p>\n\n\n\n<p><strong>Coordonn\u00e9es du registrar :<\/strong><br>SAS au capital de 10 174 560 \u20ac<br>RCS Lille M\u00e9tropole 424 761 419 00045<br>Code APE 2620Z<br>N\u00b0 TVA : FR 22 424 761 419<br>Si\u00e8ge social : 2 rue Kellermann \u2013 59100 Roubaix \u2013 France.<br>Pr\u00e9sident : Michel Paulin<\/p>\n\n\n\n<h3 class=\"wp-block-heading\">H\u00e9bergeur<\/h3>\n\n\n\n<p>Le site fructisolaire.fr est h\u00e9berg\u00e9 par la soci\u00e9t\u00e9\u00a0<a rel=\"noreferrer noopener\" href=\"https:\/\/www.hetzner.com\/\" target=\"_blank\">Hetzner<\/a>\u00a0sur serveur d\u00e9di\u00e9.<\/p>\n\n\n\n<p><strong>Coordonn\u00e9es de l\u2019h\u00e9bergeur :<\/strong><\/p>\n\n\n\n<ul class=\"wp-block-list\">\n<li>Service provider in terms of \u00a7 5 TMG (German Telemedia Act):<\/li>\n\n\n\n<li>Hetzner Online GmbH<\/li>\n\n\n\n<li>Industriestr. 25<\/li>\n\n\n\n<li>91710 Gunzenhausen<\/li>\n\n\n\n<li>Germany<\/li>\n<\/ul>\n\n\n\n<ul class=\"wp-block-list\">\n<li>Tel.: +49 (0)9831 505-0*<\/li>\n\n\n\n<li>Fax: +49 (0)9831 505-3<\/li>\n\n\n\n<li>E-Mail:&nbsp;<a href=\"mailto:info@hetzner.com\">info@hetzner.com<\/a><\/li>\n<\/ul>\n\n\n\n<p><small>* Normal landline telephone charges (No top-up fee)<\/small><\/p>\n\n\n\n<ul class=\"wp-block-list\">\n<li>Ansbach Registration Office, HRB 6089<\/li>\n\n\n\n<li>VAT Reg. No. DE 812871812<\/li>\n\n\n\n<li>CEO: Martin Hetzner, Stephan Konvickova, G\u00fcnther M\u00fcller<\/li>\n<\/ul>\n\n\n\n<h1 class=\"wp-block-heading\">Protection des donn\u00e9es et RGPD<\/h1>\n\n\n\n<p>Ce site ne permet pas l\u2019enregistrement de nouveaux membres, n\u2019effectue aucune analyse des donn\u00e9es personnelles, ne comporte pas de trackers ou de cookies \u00e0 but de suivi. Le maximum est fait pour \u00e9viter les appels \u00e0 des ressources externes et ainsi prot\u00e9ger votre vie priv\u00e9e aupr\u00e8s des tiers fournissant ces ressources (images, polices d\u2019\u00e9criture, feuilles de style CSS, etc.).<\/p>\n\n\n\n<h3 class=\"wp-block-heading\">Donn\u00e9es collect\u00e9es<\/h3>\n\n\n\n<p>Les seules donn\u00e9es personnelles collect\u00e9es sont celles que vous fournissez via les formulaires de contact du site :<\/p>\n\n\n\n<ul class=\"wp-block-list\">\n<li>Votre identit\u00e9 : Nom\/Pr\u00e9nom, soci\u00e9t\u00e9<\/li>\n\n\n\n<li>Vos coordonn\u00e9es : Email, t\u00e9l\u00e9phone<\/li>\n\n\n\n<li>Vos besoins sp\u00e9cifiques (cases \u00e0 cocher)<\/li>\n\n\n\n<li>Votre message personnel r\u00e9dig\u00e9<\/li>\n<\/ul>\n\n\n\n<p>La collecte de ces donn\u00e9es est n\u00e9cessaire pour r\u00e9pondre \u00e0 vos demandes relatives \u00e0 ce site et aux services fournis par FructiSolaire.<\/p>\n\n\n\n<p>Aucune autre donn\u00e9e personnelle n\u2019est collect\u00e9e ou exploit\u00e9e.<\/p>\n\n\n\n<h3 class=\"wp-block-heading\">Dur\u00e9e de r\u00e9tention<\/h3>\n\n\n\n<p>Vos donn\u00e9es sont conserv\u00e9es durant toute la dur\u00e9e de votre collaboration avec FructiSolaire, ou pendant 5 ans, sauf requ\u00eate explicite de votre part.<\/p>\n\n\n\n<h4 class=\"wp-block-heading\">Confidentialit\u00e9<\/h4>\n\n\n\n<p>Vos donn\u00e9es personnelles fournies sur ce site n\u2019ont aucune vocation \u00e0 \u00eatre diffus\u00e9es ou communiqu\u00e9es \u00e0 un tiers \u00e0 votre insu.<\/p>\n\n\n\n<p>Les seuls cas o\u00f9 vos donn\u00e9es pourraient \u00eatre redistribu\u00e9es sont les suivantes :<\/p>\n\n\n\n<ul class=\"wp-block-list\">\n<li>Vous souhaitez travailler avec l\u2019un des partenaires de Robin Labadie et vous avez donn\u00e9 votre accord pour que vos coordonn\u00e9es soient communiqu\u00e9es<\/li>\n\n\n\n<li>Une injonction de justice requiert le d\u00e9voilement de vos coordonn\u00e9es aux autorit\u00e9s<\/li>\n<\/ul>\n\n\n\n<h4 class=\"wp-block-heading\">S\u00e9curit\u00e9 des donn\u00e9es<\/h4>\n\n\n\n<p>Robin Labadie en qualit\u00e9 d\u2019h\u00e9bergeur\/webmaster s\u2019engage \u00e0 faire le maximum pour garantir une s\u00e9curit\u00e9 maximale.<\/p>\n\n\n\n<ul class=\"wp-block-list\">\n<li>La visite et la connexion au site se font exclusivement via des connexions s\u00e9curis\u00e9es en SSL\/TLS (HTTPS) prot\u00e9geant ainsi les informations \u00e9chang\u00e9es entre vous et le serveur de regards indiscrets sur le r\u00e9seau<\/li>\n\n\n\n<li>Les mises \u00e0 jour, notamment de s\u00e9curit\u00e9 du serveur, du site et de ses modules, sont effectu\u00e9es quotidiennement<\/li>\n\n\n\n<li>Un test de failles de s\u00e9curit\u00e9 sur le site est effectu\u00e9 tous les 3 mois maximum et un scan de s\u00e9curit\u00e9 est effectu\u00e9 quotidiennement<\/li>\n\n\n\n<li>Le serveur est s\u00e9curis\u00e9 par firewall hardware, software et divers filtrages IP et protections anti-bruteforce<\/li>\n<\/ul>\n\n\n\n<h4 class=\"wp-block-heading\">Droit \u00e0 l\u2019oubli<\/h4>\n\n\n\n<p>Vous pouvez \u00e0 tout moment demander la suppression des donn\u00e9es vous concernant via les informations de&nbsp;<a href=\"https:\/\/vintagecarlocation.fr\/contact\/\">contact<\/a>&nbsp;mentionn\u00e9es pr\u00e9c\u00e9demment.<\/p>\n\n\n\n<h4 class=\"wp-block-heading\">Non respect des engagements<\/h4>\n\n\n\n<p>Si malgr\u00e9 toutes nos mesures, un piratage ou un manquement aux engagements survenait :<\/p>\n\n\n\n<ul class=\"wp-block-list\">\n<li>En cas de fuite des donn\u00e9es, les utilisateurs concern\u00e9s seraient contact\u00e9s sous 72 h et les services seraient suspendus jusqu\u2019\u00e0 s\u00e9curisation<\/li>\n\n\n\n<li>Toute demande de remise en conformit\u00e9 serait trait\u00e9e sous 72 h apr\u00e8s sa r\u00e9ception<\/li>\n<\/ul>\n\n\n\n<h2 class=\"wp-block-heading\">Rediffusion des contenus<\/h2>\n\n\n\n<p>Les contenus audio\/video ainsi que les articles de ce site et les images (\u00e0 l\u2019exception des images open source) sont la propri\u00e9t\u00e9 de FructiSolaire et ne peuvent \u00eatre rediffus\u00e9s sur un support tiers sans son accord explicite.<\/p>\n\n\n\n<p>Vous pouvez en revanche rediriger librement vers ce contenu original.<\/p>\n","protected":false},"excerpt":{"rendered":"<p>R\u00e9alisation Site r\u00e9alis\u00e9, s\u00e9curis\u00e9, maintenu et h\u00e9berg\u00e9 par&nbsp;Robin Labadie Pr\u00e9sentation Le site internet https:\/\/www.fructisolaire.fr\u00a0est r\u00e9dig\u00e9, mis en page et administr\u00e9 par Robin Labadie via la soci\u00e9t\u00e9 Hetzner pour le compte de FructiSolaire.Robin Labadie exerce en ind\u00e9pendant via une entreprise individuelle d\u00e9clar\u00e9e \u00e0 l\u2019INSEE, au SIREN 528 479 736.Adresse : 1, rue Pierre Chevaldonn\u00e9, 45000 Orl\u00e9ans; [&hellip;]<\/p>\n","protected":false},"author":1,"featured_media":0,"parent":0,"menu_order":0,"comment_status":"closed","ping_status":"closed","template":"","meta":{"footnotes":""},"class_list":["post-3","page","type-page","status-publish","hentry"],"_links":{"self":[{"href":"https:\/\/www.fructisolaire.fr\/index.php?rest_route=\/wp\/v2\/pages\/3","targetHints":{"allow":["GET"]}}],"collection":[{"href":"https:\/\/www.fructisolaire.fr\/index.php?rest_route=\/wp\/v2\/pages"}],"about":[{"href":"https:\/\/www.fructisolaire.fr\/index.php?rest_route=\/wp\/v2\/types\/page"}],"author":[{"embeddable":true,"href":"https:\/\/www.fructisolaire.fr\/index.php?rest_route=\/wp\/v2\/users\/1"}],"replies":[{"embeddable":true,"href":"https:\/\/www.fructisolaire.fr\/index.php?rest_route=%2Fwp%2Fv2%2Fcomments&post=3"}],"version-history":[{"count":1,"href":"https:\/\/www.fructisolaire.fr\/index.php?rest_route=\/wp\/v2\/pages\/3\/revisions"}],"predecessor-version":[{"id":15,"href":"https:\/\/www.fructisolaire.fr\/index.php?rest_route=\/wp\/v2\/pages\/3\/revisions\/15"}],"wp:attachment":[{"href":"https:\/\/www.fructisolaire.fr\/index.php?rest_route=%2Fwp%2Fv2%2Fmedia&parent=3"}],"curies":[{"name":"wp","href":"https:\/\/api.w.org\/{rel}","templated":true}]}}